{"id":2,"date":"2022-06-16T16:50:24","date_gmt":"2022-06-16T14:50:24","guid":{"rendered":"https:\/\/boulangerie.org\/adherents\/?page_id=2"},"modified":"2024-09-04T12:13:30","modified_gmt":"2024-09-04T10:13:30","slug":"page-d-exemple","status":"publish","type":"page","link":"https:\/\/boulangerie.org\/adherents\/","title":{"rendered":"Bienvenue dans l&rsquo;espace Adh\u00e9rents"},"content":{"rendered":"\n<h2 class=\"wp-block-heading\">Documents \u00e0 t\u00e9l\u00e9charger<\/h2>\n\n\n\n<div style=\"height:18px\" aria-hidden=\"true\" class=\"wp-block-spacer\"><\/div>\n\n\n\n<p class=\"has-medium-font-size\"><strong>Cahiers des charges<\/strong><\/p>\n\n\n\n<div style=\"height:15px\" aria-hidden=\"true\" class=\"wp-block-spacer\"><\/div>\n\n\n\n<ul class=\"wp-block-list\">\n<li><a href=\"http:\/\/www.boulangerie.org\/sites\/default\/files\/ckfinder\/userfiles\/files\/HD_cahier_des_charges_CNBF.pdf\" target=\"_blank\" rel=\"noreferrer noopener\"><strong>Document de pr\u00e9sentation<\/strong><\/a> du <strong>Cahier des charges Produits de la Boulangerie<\/strong> (HD)<\/li>\n\n\n\n<li><a href=\"http:\/\/www.boulangerie.org\/sites\/default\/files\/ckfinder\/userfiles\/files\/Cahier%20des%20charges%20farine.pdf\" target=\"_blank\" rel=\"noreferrer noopener\"><strong>Le Cahier des charges farine<\/strong><\/a><\/li>\n\n\n\n<li><strong><a href=\"https:\/\/boulangerie.org\/adherents\/wp-content\/uploads\/sites\/3\/2024\/03\/CdC-produits-de-boulangerie-Fevrier-2024.pdf\" target=\"_blank\" rel=\"noreferrer noopener\">Le Cahier des charges \u00ab produits de boulangerie \u00bb<\/a><\/strong><\/li>\n\n\n\n<li><a href=\"http:\/\/www.boulangerie.org\/sites\/default\/files\/ckfinder\/userfiles\/files\/DEF_16_06_14%20%20Code%20des%20usages%20viennoiserie%20artisanale.pdf\" target=\"_blank\" rel=\"noreferrer noopener\"><strong>Code des Usages de la Viennoiserie artisanale<\/strong><\/a><\/li>\n<\/ul>\n\n\n\n<div style=\"height:18px\" aria-hidden=\"true\" class=\"wp-block-spacer\"><\/div>\n\n\n\n<p class=\"has-medium-font-size\"><strong>Guides et kits<\/strong><\/p>\n\n\n\n<div style=\"height:15px\" aria-hidden=\"true\" class=\"wp-block-spacer\"><\/div>\n\n\n\n<ul class=\"wp-block-list\">\n<li><strong><a href=\"https:\/\/boulangerie.org\/membres\/wp-content\/uploads\/sites\/2\/2024\/03\/Livret-de-gestion-dune-BOULANGERIE-PATISSERIE-HD.pdf\" target=\"_blank\" rel=\"noreferrer noopener\">Guide d&rsquo;optimisation de gestion d&rsquo;une boulangerie-p\u00e2tisserie<\/a><\/strong><\/li>\n\n\n\n<li><a href=\"http:\/\/www.boulangerie.org\/adherents\/wp-content\/uploads\/sites\/4\/2019\/10\/Guide-des-Bonnes-Pratiques-dHygi\u00e8ne-en-P\u00e2tisserie.pdf\" target=\"_blank\" rel=\"noreferrer noopener\"><strong>Guide de Bonnes Pratiques d&rsquo;Hygi\u00e8ne en P\u00e2tisserie<\/strong><\/a><\/li>\n\n\n\n<li><a href=\"https:\/\/boulangerie.org\/adherents\/wp-content\/uploads\/sites\/3\/2023\/02\/Guide-sobriete-Web-PaP.pdf\" target=\"_blank\" rel=\"noreferrer noopener\"><strong>Guide de sobri\u00e9t\u00e9 \u00e9nerg\u00e9tiqu<\/strong><\/a><a href=\"https:\/\/boulangerie.org\/membres\/wp-content\/uploads\/sites\/2\/2023\/02\/Guide-sobriete-Web-PaP.pdf\" target=\"_blank\" rel=\"noreferrer noopener\"><strong>e en boulangerie-p\u00e2tisserie<\/strong><\/a><\/li>\n\n\n\n<li><a href=\"http:\/\/www.boulangerie.org\/adherents\/wp-content\/uploads\/sites\/4\/2017\/10\/Guide-pratique-Ergonomie.pdf\" target=\"_blank\" rel=\"noreferrer noopener\"><strong>Guide pratique \u00e0 la conception des locaux en Boulangerie P\u00e2tisserie Artisanale<\/strong><\/a><\/li>\n\n\n\n<li><strong><a href=\"https:\/\/boulangerie.org\/membres\/wp-content\/uploads\/sites\/2\/2024\/02\/Kit-Hygiene-2024.pdf\" target=\"_blank\" rel=\"noreferrer noopener\">Kit Hygi\u00e8ne 2024<\/a><\/strong>\n<ul class=\"wp-block-list\">\n<li><strong><a href=\"https:\/\/boulangerie.org\/membres\/wp-content\/uploads\/sites\/2\/2024\/02\/Affiche-Hygiene-du-personnel-A4.pdf\" target=\"_blank\" rel=\"noreferrer noopener\">Affiche Hygi\u00e8ne du personnel A4<\/a><\/strong><\/li>\n\n\n\n<li><strong><a href=\"https:\/\/boulangerie.org\/membres\/wp-content\/uploads\/sites\/2\/2024\/02\/Affiche-Lavage-de-mains-A4.pdf\" target=\"_blank\" rel=\"noreferrer noopener\">Affiche Lavage de mains A4<\/a><\/strong><\/li>\n\n\n\n<li><strong><a href=\"https:\/\/boulangerie.org\/membres\/wp-content\/uploads\/sites\/2\/2024\/02\/Affiche-Vestiaire-A5.pdf\" target=\"_blank\" rel=\"noreferrer noopener\">Affiche Vestiaire A5<\/a><\/strong><\/li>\n\n\n\n<li><strong><a href=\"https:\/\/boulangerie.org\/membres\/wp-content\/uploads\/sites\/2\/2024\/02\/Affiche-Tracabilite-A4.pdf\" target=\"_blank\" rel=\"noreferrer noopener\">Affiche Tra\u00e7abilit\u00e9 A4<\/a><\/strong><\/li>\n\n\n\n<li><strong><a href=\"https:\/\/boulangerie.org\/membres\/wp-content\/uploads\/sites\/2\/2024\/02\/Affiche-NE-PAS-TOUCHER-x4.pdf\" target=\"_blank\" rel=\"noreferrer noopener\">Affiche NE PAS TOUCHER x4<\/a><\/strong><\/li>\n\n\n\n<li><strong><a href=\"https:\/\/boulangerie.org\/membres\/wp-content\/uploads\/sites\/2\/2024\/03\/Affiche-Panneau-des-temperatures_A4.pdf\" target=\"_blank\" rel=\"noreferrer noopener\">Affiche Panneau des temp\u00e9ratures A4<\/a><\/strong><\/li>\n\n\n\n<li><strong><a href=\"https:\/\/boulangerie.org\/membres\/wp-content\/uploads\/sites\/2\/2024\/02\/Affiche-Temperature-de-conservation-des-aliments-A4.pdf\" target=\"_blank\" rel=\"noreferrer noopener\">Affiche Temp\u00e9rature de conservation des aliments A4<\/a><\/strong><\/li>\n\n\n\n<li><strong><a href=\"https:\/\/boulangerie.org\/membres\/wp-content\/uploads\/sites\/2\/2024\/02\/Affiche-Prix-du-Pain-A3.pdf\" target=\"_blank\" rel=\"noreferrer noopener\">Affiche Prix du Pain A3<\/a><\/strong><\/li>\n\n\n\n<li><strong><a href=\"https:\/\/boulangerie.org\/membres\/wp-content\/uploads\/sites\/2\/2024\/02\/Affiche-Prix-du-Pain-A4.pdf\" target=\"_blank\" rel=\"noreferrer noopener\">Affiche Prix du Pain A4<\/a><\/strong><\/li>\n\n\n\n<li><strong><a href=\"https:\/\/boulangerie.org\/membres\/wp-content\/uploads\/sites\/2\/2024\/02\/Affiche-obligatoire-A3.pdf\" target=\"_blank\" rel=\"noreferrer noopener\">Affiche Affichage obligatoire A3<\/a><\/strong><\/li>\n\n\n\n<li><strong><a href=\"https:\/\/boulangerie.org\/membres\/wp-content\/uploads\/sites\/2\/2024\/02\/Affiche-Sante-dentition-A5.pdf\" target=\"_blank\" rel=\"noreferrer noopener\">Affiche Sant\u00e9 \u2013 dentition A5<\/a><\/strong><\/li>\n\n\n\n<li><strong><a href=\"https:\/\/boulangerie.org\/membres\/wp-content\/uploads\/sites\/2\/2024\/02\/Affiche-Sante-charge-lourde-A5.pdf\" target=\"_blank\" rel=\"noreferrer noopener\">Affiche Sant\u00e9 \u2013 charge lourde A5<\/a><\/strong><\/li>\n\n\n\n<li><strong><a href=\"https:\/\/boulangerie.org\/membres\/wp-content\/uploads\/sites\/2\/2024\/02\/Affiche-Sante-asthme-et-rhinite-A5.pdf\" target=\"_blank\" rel=\"noreferrer noopener\">Affiche Sant\u00e9 \u2013 asthme et rhinite A5<\/a><\/strong><\/li>\n\n\n\n<li><strong><a href=\"https:\/\/boulangerie.org\/membres\/wp-content\/uploads\/sites\/2\/2024\/02\/Affiche-Numeros-durgence-A4.pdf\" target=\"_blank\" rel=\"noreferrer noopener\">Affiche Num\u00e9ros d\u2019urgence A4<\/a><\/strong><\/li>\n<\/ul>\n<\/li>\n<\/ul>\n\n\n\n<div style=\"height:18px\" aria-hidden=\"true\" class=\"wp-block-spacer\"><\/div>\n\n\n\n<p class=\"has-medium-font-size\"><strong>Panneaux &#8211;<\/strong> <strong>Affichage<\/strong><\/p>\n\n\n\n<div style=\"height:15px\" aria-hidden=\"true\" class=\"wp-block-spacer\"><\/div>\n\n\n\n<ul class=\"wp-block-list\">\n<li><strong> Pain de Tradition Fran\u00e7aise et Pain Maison<\/strong>\n<ul class=\"wp-block-list\">\n<li>version <a href=\"https:\/\/www.boulangerie.org\/sites\/default\/files\/ckfinder\/userfiles\/files\/flyer_boulangerie_148X210_HD(1).pdf\" target=\"_blank\" rel=\"noreferrer noopener\"><strong>imprimeur<\/strong><\/a><\/li>\n\n\n\n<li>version <a href=\"https:\/\/www.boulangerie.org\/sites\/default\/files\/ckfinder\/userfiles\/files\/flyer(1).pdf\" target=\"_blank\" rel=\"noreferrer noopener\"><strong>bureautique<\/strong><\/a><\/li>\n<\/ul>\n<\/li>\n\n\n\n<li><strong> \u00ab\u00a0Restaurateurs<\/strong>\u00a0\u00bb\n<ul class=\"wp-block-list\">\n<li>version <a href=\"https:\/\/www.boulangerie.org\/sites\/default\/files\/ckfinder\/userfiles\/files\/Panneau%20Boulanger%20Etablissement.pdf\" target=\"_blank\" rel=\"noreferrer noopener\"><strong>bureautique<\/strong><\/a><\/li>\n\n\n\n<li>version <a href=\"https:\/\/www.boulangerie.org\/sites\/default\/files\/ckfinder\/userfiles\/files\/Vitrophanie%20Pains%20Resto%20HD.pdf\" target=\"_blank\" rel=\"noreferrer noopener\"><strong>imprimeur<\/strong><\/a><\/li>\n\n\n\n<li>version <a href=\"https:\/\/www.boulangerie.org\/sites\/default\/files\/ckfinder\/userfiles\/files\/VITRO_BOULANGERIE-REPIQUABLE.docx\" target=\"_blank\" rel=\"noreferrer noopener\"><strong>repiquable<\/strong><\/a><\/li>\n\n\n\n<li>version <a href=\"https:\/\/www.boulangerie.org\/sites\/default\/files\/ckfinder\/userfiles\/files\/Vitrophanie%20Pains%20Resto%20HD.jpg\" target=\"_blank\" rel=\"noreferrer noopener\"><strong>HD<\/strong><\/a><\/li>\n<\/ul>\n<\/li>\n<\/ul>\n\n\n\n<p><\/p>\n\n\n\n<ul class=\"wp-block-list\">\n<li><a href=\"https:\/\/www.boulangerie.org\/membres\/wp-content\/uploads\/sites\/3\/2018\/10\/121127-Panneau-d-affichage.doc\" target=\"_blank\" rel=\"noreferrer noopener\"><strong>Document relatif \u00e0 l&rsquo;affichage obligatoire<\/strong><\/a><\/li>\n\n\n\n<li><strong><a href=\"https:\/\/www.boulangerie.org\/sites\/default\/files\/identite_visuelle\/index.html\" target=\"_blank\" rel=\"noreferrer noopener\">Documents de pr\u00e9sentation de l&rsquo;identit\u00e9 visuelle<\/a><\/strong><\/li>\n<\/ul>\n\n\n\n<div style=\"height:18px\" aria-hidden=\"true\" class=\"wp-block-spacer\"><\/div>\n\n\n\n<p class=\"has-medium-font-size\"><strong>R\u00e9glementation<\/strong> <strong>&#8211; Juridique<\/strong><\/p>\n\n\n\n<div style=\"height:15px\" aria-hidden=\"true\" class=\"wp-block-spacer\"><\/div>\n\n\n\n<ul class=\"wp-block-list\">\n<li><strong>Allerg\u00e8nes<\/strong> : <strong><a href=\"https:\/\/www.boulangerie.org\/adherents\/wp-content\/uploads\/sites\/4\/2017\/10\/pj3_circu51.pdf\" target=\"_blank\" rel=\"noreferrer noopener\">Affichette<\/a> <\/strong>&amp; <a href=\"https:\/\/www.boulangerie.org\/adherents\/wp-content\/uploads\/sites\/4\/2017\/10\/pj2_circu51_0.pdf\" target=\"_blank\" rel=\"noreferrer noopener\"><strong>tableau<\/strong><\/a><\/li>\n\n\n\n<li><strong>Tableau TVA<\/strong> : <a href=\"https:\/\/www.boulangerie.org\/adherents\/wp-content\/uploads\/sites\/4\/2017\/10\/pj_circu52_0-3.pdf\" target=\"_blank\" rel=\"noreferrer noopener\"><strong>diff\u00e9rents taux de TVA<\/strong><\/a><\/li>\n\n\n\n<li><strong><a href=\"https:\/\/boulangerie.org\/adherents\/wp-content\/uploads\/sites\/3\/2024\/08\/Procedure_rupture_conventionnelle.pdf\" target=\"_blank\" rel=\"noreferrer noopener\">Proc\u00e9dure rupture conventionnelle<\/a><\/strong><\/li>\n\n\n\n<li><strong><a href=\"https:\/\/boulangerie.org\/adherents\/wp-content\/uploads\/sites\/3\/2024\/08\/Invitation_respecter_rupture_conventionnelle.docx\" target=\"_blank\" rel=\"noreferrer noopener\">Invitation respecter rupture conventionnelle<\/a><\/strong><\/li>\n\n\n\n<li><strong><a href=\"https:\/\/boulangerie.org\/adherents\/wp-content\/uploads\/sites\/3\/2024\/08\/mise-en-demeure-justification-dabsence_.docx\" target=\"_blank\" rel=\"noreferrer noopener\">Mise en demeure justification d&rsquo;absence<\/a><\/strong><\/li>\n\n\n\n<li><strong><a href=\"https:\/\/boulangerie.org\/adherents\/wp-content\/uploads\/sites\/3\/2024\/08\/Avertissement.docx\" target=\"_blank\" rel=\"noreferrer noopener\">Avertissement<\/a><\/strong><\/li>\n\n\n\n<li><a href=\"https:\/\/boulangerie.org\/adherents\/wp-content\/uploads\/sites\/3\/2024\/08\/lettre-de-rappel-a-lordre_.docx\" target=\"_blank\" rel=\"noreferrer noopener\"><strong>Lettre de rappel \u00e0 l&rsquo;ordre<\/strong><\/a><\/li>\n<\/ul>\n\n\n\n<div style=\"height:18px\" aria-hidden=\"true\" class=\"wp-block-spacer\"><\/div>\n\n\n\n<p class=\"has-medium-font-size\"><strong>Fiches pratiques communication<\/strong><\/p>\n\n\n\n<div style=\"height:15px\" aria-hidden=\"true\" class=\"wp-block-spacer\"><\/div>\n\n\n\n<ul class=\"wp-block-list\">\n<li><strong><a href=\"https:\/\/boulangerie.org\/adherents\/wp-content\/uploads\/sites\/3\/2024\/09\/La-boite-a-idees-des-animations-en-boulangerie.pdf\" target=\"_blank\" rel=\"noreferrer noopener\">La bo\u00eete \u00e0 id\u00e9es des animations en boulangerie<\/a>\u00a0<\/strong><\/li>\n\n\n\n<li><strong><a href=\"https:\/\/boulangerie.org\/adherents\/wp-content\/uploads\/sites\/3\/2024\/09\/Le-site-web-un-support-indispensable-pour-sa-boulangerie.pdf\" target=\"_blank\" rel=\"noreferrer noopener\">Le site web\u00a0: un support indispensable pour sa boulangerie<\/a>\u00a0<\/strong><\/li>\n\n\n\n<li><strong><a href=\"https:\/\/boulangerie.org\/adherents\/wp-content\/uploads\/sites\/3\/2024\/09\/Booster-sa-communication-en-boutique.pdf\" target=\"_blank\" rel=\"noreferrer noopener\">Booster sa communication en boutique<\/a>\u00a0<\/strong><\/li>\n\n\n\n<li><a href=\"https:\/\/boulangerie.org\/adherents\/wp-content\/uploads\/sites\/3\/2024\/09\/Les-atouts-des-reseaux-sociaux-pour-sa-boulangerie.pdf\" target=\"_blank\" rel=\"noreferrer noopener\"><strong>Les atouts des r\u00e9seaux sociaux pour sa boulangerie<\/strong><\/a><\/li>\n<\/ul>\n\n\n\n<div style=\"height:18px\" aria-hidden=\"true\" class=\"wp-block-spacer\"><\/div>\n\n\n\n<p><strong>Campagne Devenez vendeuse\/vendeur en boulangerie<\/strong><\/p>\n\n\n\n<ul class=\"wp-block-list\">\n<li><a href=\"http:\/\/www.boulangerie.org\/adherents\/wp-content\/uploads\/sites\/4\/2019\/04\/pj-1-circu19.pdf\" target=\"_blank\" rel=\"noreferrer noopener\"><strong>Recruter pour la vente &#8211; mode d&#8217;emploi<\/strong><\/a><\/li>\n\n\n\n<li><a href=\"http:\/\/www.boulangerie.org\/adherents\/wp-content\/uploads\/sites\/4\/2019\/04\/pj-4-circu19.pdf\" target=\"_blank\" rel=\"noreferrer noopener\"><strong>Mod\u00e8le CV vierge<\/strong><\/a><\/li>\n\n\n\n<li><a href=\"http:\/\/www.boulangerie.org\/adherents\/wp-content\/uploads\/sites\/4\/2019\/04\/pj-3-circu19.pdf\" target=\"_blank\" rel=\"noreferrer noopener\"><strong>Pr\u00e9sentation du m\u00e9tier de la vente et de<\/strong> <strong>la boulangerie artisanale<\/strong><\/a><\/li>\n\n\n\n<li><a href=\"http:\/\/www.boulangerie.org\/adherents\/wp-content\/uploads\/sites\/4\/2019\/04\/pj-5-circu19.pdf\" target=\"_blank\" rel=\"noreferrer noopener\"><strong>Petit guide pour r\u00e9ussir les entretiens<\/strong><\/a><\/li>\n<\/ul>\n","protected":false},"excerpt":{"rendered":"<p>Documents \u00e0 t\u00e9l\u00e9charger Cahiers des charges Guides et kits Panneaux &#8211; Affichage R\u00e9glementation &#8211; Juridique Fiches pratiques communication Campagne Devenez [&hellip;]<\/p>\n","protected":false},"author":1,"featured_media":0,"parent":0,"menu_order":0,"comment_status":"closed","ping_status":"open","template":"","meta":{"_acf_changed":false,"footnotes":""},"categories":[],"tags":[],"class_list":["post-2","page","type-page","status-publish","hentry"],"acf":[],"yoast_head":"<!-- This site is optimized with the Yoast SEO plugin v27.3 - https:\/\/yoast.com\/product\/yoast-seo-wordpress\/ -->\n<title>Bienvenue dans l&#039;espace Adh\u00e9rents - Adh\u00e9rents<\/title>\n<meta name=\"robots\" content=\"index, follow, max-snippet:-1, max-image-preview:large, max-video-preview:-1\" \/>\n<link rel=\"canonical\" href=\"https:\/\/boulangerie.org\/adherents\/\" \/>\n<meta property=\"og:locale\" content=\"fr_FR\" \/>\n<meta property=\"og:type\" content=\"article\" \/>\n<meta property=\"og:title\" content=\"Bienvenue dans l&#039;espace Adh\u00e9rents - Adh\u00e9rents\" \/>\n<meta property=\"og:description\" content=\"Documents \u00e0 t\u00e9l\u00e9charger Cahiers des charges Guides et kits Panneaux &#8211; Affichage R\u00e9glementation &#8211; Juridique Fiches pratiques communication Campagne Devenez [&hellip;]\" \/>\n<meta property=\"og:url\" content=\"https:\/\/boulangerie.org\/adherents\/\" \/>\n<meta property=\"og:site_name\" content=\"Adh\u00e9rents\" \/>\n<meta property=\"article:modified_time\" content=\"2024-09-04T10:13:30+00:00\" \/>\n<meta name=\"twitter:card\" content=\"summary_large_image\" \/>\n<meta name=\"twitter:label1\" content=\"Dur\u00e9e de lecture estim\u00e9e\" \/>\n\t<meta name=\"twitter:data1\" content=\"2 minutes\" \/>\n<script type=\"application\/ld+json\" class=\"yoast-schema-graph\">{\"@context\":\"https:\\\/\\\/schema.org\",\"@graph\":[{\"@type\":\"WebPage\",\"@id\":\"https:\\\/\\\/boulangerie.org\\\/adherents\\\/\",\"url\":\"https:\\\/\\\/boulangerie.org\\\/adherents\\\/\",\"name\":\"Bienvenue dans l'espace Adh\u00e9rents - Adh\u00e9rents\",\"isPartOf\":{\"@id\":\"https:\\\/\\\/boulangerie.org\\\/adherents\\\/#website\"},\"datePublished\":\"2022-06-16T14:50:24+00:00\",\"dateModified\":\"2024-09-04T10:13:30+00:00\",\"breadcrumb\":{\"@id\":\"https:\\\/\\\/boulangerie.org\\\/adherents\\\/#breadcrumb\"},\"inLanguage\":\"fr-FR\",\"potentialAction\":[{\"@type\":\"ReadAction\",\"target\":[\"https:\\\/\\\/boulangerie.org\\\/adherents\\\/\"]}]},{\"@type\":\"BreadcrumbList\",\"@id\":\"https:\\\/\\\/boulangerie.org\\\/adherents\\\/#breadcrumb\",\"itemListElement\":[{\"@type\":\"ListItem\",\"position\":1,\"name\":\"Accueil\",\"item\":\"https:\\\/\\\/boulangerie.org\\\/adherents\\\/\"},{\"@type\":\"ListItem\",\"position\":2,\"name\":\"Bienvenue dans l&rsquo;espace Adh\u00e9rents\"}]},{\"@type\":\"WebSite\",\"@id\":\"https:\\\/\\\/boulangerie.org\\\/adherents\\\/#website\",\"url\":\"https:\\\/\\\/boulangerie.org\\\/adherents\\\/\",\"name\":\"Adh\u00e9rents\",\"description\":\"Un site utilisant Les sites de Conf\u00e9d\u00e9ration Nationale de la Boulangerie-P\u00e2tisserie Fran\u00e7aise\",\"potentialAction\":[{\"@type\":\"SearchAction\",\"target\":{\"@type\":\"EntryPoint\",\"urlTemplate\":\"https:\\\/\\\/boulangerie.org\\\/adherents\\\/?s={search_term_string}\"},\"query-input\":{\"@type\":\"PropertyValueSpecification\",\"valueRequired\":true,\"valueName\":\"search_term_string\"}}],\"inLanguage\":\"fr-FR\"}]}<\/script>\n<!-- \/ Yoast SEO plugin. -->","yoast_head_json":{"title":"Bienvenue dans l'espace Adh\u00e9rents - Adh\u00e9rents","robots":{"index":"index","follow":"follow","max-snippet":"max-snippet:-1","max-image-preview":"max-image-preview:large","max-video-preview":"max-video-preview:-1"},"canonical":"https:\/\/boulangerie.org\/adherents\/","og_locale":"fr_FR","og_type":"article","og_title":"Bienvenue dans l'espace Adh\u00e9rents - Adh\u00e9rents","og_description":"Documents \u00e0 t\u00e9l\u00e9charger Cahiers des charges Guides et kits Panneaux &#8211; Affichage R\u00e9glementation &#8211; Juridique Fiches pratiques communication Campagne Devenez [&hellip;]","og_url":"https:\/\/boulangerie.org\/adherents\/","og_site_name":"Adh\u00e9rents","article_modified_time":"2024-09-04T10:13:30+00:00","twitter_card":"summary_large_image","twitter_misc":{"Dur\u00e9e de lecture estim\u00e9e":"2 minutes"},"schema":{"@context":"https:\/\/schema.org","@graph":[{"@type":"WebPage","@id":"https:\/\/boulangerie.org\/adherents\/","url":"https:\/\/boulangerie.org\/adherents\/","name":"Bienvenue dans l'espace Adh\u00e9rents - Adh\u00e9rents","isPartOf":{"@id":"https:\/\/boulangerie.org\/adherents\/#website"},"datePublished":"2022-06-16T14:50:24+00:00","dateModified":"2024-09-04T10:13:30+00:00","breadcrumb":{"@id":"https:\/\/boulangerie.org\/adherents\/#breadcrumb"},"inLanguage":"fr-FR","potentialAction":[{"@type":"ReadAction","target":["https:\/\/boulangerie.org\/adherents\/"]}]},{"@type":"BreadcrumbList","@id":"https:\/\/boulangerie.org\/adherents\/#breadcrumb","itemListElement":[{"@type":"ListItem","position":1,"name":"Accueil","item":"https:\/\/boulangerie.org\/adherents\/"},{"@type":"ListItem","position":2,"name":"Bienvenue dans l&rsquo;espace Adh\u00e9rents"}]},{"@type":"WebSite","@id":"https:\/\/boulangerie.org\/adherents\/#website","url":"https:\/\/boulangerie.org\/adherents\/","name":"Adh\u00e9rents","description":"Un site utilisant Les sites de Conf\u00e9d\u00e9ration Nationale de la Boulangerie-P\u00e2tisserie Fran\u00e7aise","potentialAction":[{"@type":"SearchAction","target":{"@type":"EntryPoint","urlTemplate":"https:\/\/boulangerie.org\/adherents\/?s={search_term_string}"},"query-input":{"@type":"PropertyValueSpecification","valueRequired":true,"valueName":"search_term_string"}}],"inLanguage":"fr-FR"}]}},"_links":{"self":[{"href":"https:\/\/boulangerie.org\/adherents\/wp-json\/wp\/v2\/pages\/2","targetHints":{"allow":["GET"]}}],"collection":[{"href":"https:\/\/boulangerie.org\/adherents\/wp-json\/wp\/v2\/pages"}],"about":[{"href":"https:\/\/boulangerie.org\/adherents\/wp-json\/wp\/v2\/types\/page"}],"author":[{"embeddable":true,"href":"https:\/\/boulangerie.org\/adherents\/wp-json\/wp\/v2\/users\/1"}],"replies":[{"embeddable":true,"href":"https:\/\/boulangerie.org\/adherents\/wp-json\/wp\/v2\/comments?post=2"}],"version-history":[{"count":31,"href":"https:\/\/boulangerie.org\/adherents\/wp-json\/wp\/v2\/pages\/2\/revisions"}],"predecessor-version":[{"id":421,"href":"https:\/\/boulangerie.org\/adherents\/wp-json\/wp\/v2\/pages\/2\/revisions\/421"}],"wp:attachment":[{"href":"https:\/\/boulangerie.org\/adherents\/wp-json\/wp\/v2\/media?parent=2"}],"wp:term":[{"taxonomy":"category","embeddable":true,"href":"https:\/\/boulangerie.org\/adherents\/wp-json\/wp\/v2\/categories?post=2"},{"taxonomy":"post_tag","embeddable":true,"href":"https:\/\/boulangerie.org\/adherents\/wp-json\/wp\/v2\/tags?post=2"}],"curies":[{"name":"wp","href":"https:\/\/api.w.org\/{rel}","templated":true}]}}