{"id":253,"date":"2023-07-07T09:57:23","date_gmt":"2023-07-07T07:57:23","guid":{"rendered":"https:\/\/boulangerie.org\/adherents\/?page_id=253"},"modified":"2023-11-14T10:19:33","modified_gmt":"2023-11-14T09:19:33","slug":"une-protection-sociale-et-patrimoniale","status":"publish","type":"page","link":"https:\/\/boulangerie.org\/adherents\/une-protection-sociale-et-patrimoniale\/","title":{"rendered":"CCN Boulangerie Artisanale : garanties sant\u00e9, pr\u00e9voyance, retraite"},"content":{"rendered":"<div class=\"wp-block-image\">\n<figure class=\"alignleft size-large is-resized\"><img loading=\"lazy\" decoding=\"async\" width=\"1024\" height=\"255\" src=\"https:\/\/boulangerie.org\/adherents\/wp-content\/uploads\/sites\/3\/2023\/07\/Logo-AG2R-LA-MONDIALE-1024x255.jpg\" alt=\"\" class=\"wp-image-267\" style=\"width:300px;height:73px\" srcset=\"https:\/\/boulangerie.org\/adherents\/wp-content\/uploads\/sites\/3\/2023\/07\/Logo-AG2R-LA-MONDIALE-1024x255.jpg 1024w, https:\/\/boulangerie.org\/adherents\/wp-content\/uploads\/sites\/3\/2023\/07\/Logo-AG2R-LA-MONDIALE-300x75.jpg 300w, https:\/\/boulangerie.org\/adherents\/wp-content\/uploads\/sites\/3\/2023\/07\/Logo-AG2R-LA-MONDIALE-768x192.jpg 768w, https:\/\/boulangerie.org\/adherents\/wp-content\/uploads\/sites\/3\/2023\/07\/Logo-AG2R-LA-MONDIALE-1536x383.jpg 1536w, https:\/\/boulangerie.org\/adherents\/wp-content\/uploads\/sites\/3\/2023\/07\/Logo-AG2R-LA-MONDIALE-2048x511.jpg 2048w, https:\/\/boulangerie.org\/adherents\/wp-content\/uploads\/sites\/3\/2023\/07\/Logo-AG2R-LA-MONDIALE-2045x510.jpg 2045w\" sizes=\"auto, (max-width: 1024px) 100vw, 1024px\" \/><\/figure>\n<\/div>\n\n\n<p>AG2R LA MONDIALE, groupe de protection sociale et patrimoniale et partenaire de la CNBPF, vous accompagne en mati\u00e8re de sant\u00e9, pr\u00e9voyance et retraite. Vous pouvez b\u00e9n\u00e9ficier de services AG2R LA MONDIALE adapt\u00e9s \u00e0 vos besoins. <\/p>\n\n\n\n<div style=\"height:6px\" aria-hidden=\"true\" class=\"wp-block-spacer\"><\/div>\n\n\n\n<p>Pour en savoir plus, rendez-vous <strong><a href=\"https:\/\/www.ag2rlamondiale.fr\/conventions-collectives-nationales\/ccn-boulangerie-artisanale\" target=\"_blank\" rel=\"noreferrer noopener\">ici<\/a><\/strong><\/p>\n\n\n\n<ul class=\"wp-block-list\">\n<li>La mutuelle sant\u00e9&nbsp;<a href=\"https:\/\/www.ag2rlamondiale.fr\/conventions-collectives-nationales\/ccn-boulangerie-artisanale\/offre-la-mutuelle-sante-dediee-a-la-ccn-boulangerie-artisanale\" target=\"_blank\" rel=\"noreferrer noopener\"><strong>ici<\/strong><\/a><\/li>\n\n\n\n<li>La pr\u00e9voyance collective&nbsp;<a href=\"https:\/\/www.ag2rlamondiale.fr\/conventions-collectives-nationales\/ccn-boulangerie-artisanale\/offre-la-prevoyance-collective-dediee-a-la-ccn-boulangerie-artisanale\" target=\"_blank\" rel=\"noreferrer noopener\"><strong>ici<\/strong><\/a><\/li>\n\n\n\n<li>La retraite compl\u00e9mentaire des salari\u00e9s&nbsp;<a href=\"https:\/\/www.ag2rlamondiale.fr\/conventions-collectives-nationales\/ccn-boulangerie-artisanale\/offre-retraite-complementaire-des-salaries-de-la-ccn-boulangerie-artisanale\" target=\"_blank\" rel=\"noreferrer noopener\"><strong>ici<\/strong><\/a><\/li>\n\n\n\n<li>Les actions de pr\u00e9vention sant\u00e9&nbsp;<strong><a href=\"https:\/\/www.ag2rlamondiale.fr\/conventions-collectives-nationales\/ccn-boulangerie-artisanale\/conseil-actions-de-prevention-menees-avec-la-ccn-boulangerie-artisanale\" target=\"_blank\" rel=\"noreferrer noopener\">ici<\/a><\/strong><\/li>\n\n\n\n<li>L\u2019action sociale au profit de la CCN Boulangerie Artisanale&nbsp;<strong><a href=\"https:\/\/www.ag2rlamondiale.fr\/conventions-collectives-nationales\/ccn-boulangerie-artisanale\/conseil-l-action-sociale-au-profit-de-la-ccn-boulangerie-artisanale\" target=\"_blank\" rel=\"noreferrer noopener\">ici<\/a><\/strong><\/li>\n\n\n\n<li>Les services d\u00e9di\u00e9s aux salari\u00e9s de la Boulangerie-P\u00e2tisserie Artisanale&nbsp;<strong><a href=\"https:\/\/www.ag2rlamondiale.fr\/conventions-collectives-nationales\/ccn-boulangerie-artisanale\/services-dedies\" target=\"_blank\" rel=\"noreferrer noopener\">ici<\/a><\/strong><\/li>\n<\/ul>\n\n\n\n<div style=\"height:12px\" aria-hidden=\"true\" class=\"wp-block-spacer\"><\/div>\n\n\n\n<figure class=\"wp-block-table\"><table><tbody><tr><td><strong>Contacts<\/strong> :<br>Pr\u00e9vention&nbsp;: <strong><a href=\"mailto:bgpreventionboulangerie@ag2rlamondiale.fr\">bgpreventionboulangerie@ag2rlamondiale.fr<\/a> <\/strong><br>Action sociale sant\u00e9&nbsp;: <a href=\"mailto:bgprotectionsocialeboulangerie@ag2rlamondiale.fr\"><strong>bgprotectionsocialeboulangerie@ag2rlamondiale.fr<\/strong><\/a><\/td><\/tr><\/tbody><\/table><\/figure>\n","protected":false},"excerpt":{"rendered":"<p>AG2R LA MONDIALE, groupe de protection sociale et patrimoniale et partenaire de la CNBPF, vous accompagne en mati\u00e8re de sant\u00e9, [&hellip;]<\/p>\n","protected":false},"author":1,"featured_media":0,"parent":0,"menu_order":0,"comment_status":"closed","ping_status":"closed","template":"","meta":{"_acf_changed":false,"footnotes":""},"categories":[14],"tags":[],"class_list":["post-253","page","type-page","status-publish","hentry","category-ccn-boulangerie-artisanale-vos-garanties-sante-prevoyance-retraite"],"acf":[],"yoast_head":"<!-- This site is optimized with the Yoast SEO plugin v27.1.1 - https:\/\/yoast.com\/product\/yoast-seo-wordpress\/ -->\n<title>CCN Boulangerie Artisanale : garanties sant\u00e9, pr\u00e9voyance, retraite - Adh\u00e9rents<\/title>\n<meta name=\"robots\" content=\"index, follow, max-snippet:-1, max-image-preview:large, max-video-preview:-1\" \/>\n<link rel=\"canonical\" href=\"https:\/\/boulangerie.org\/adherents\/une-protection-sociale-et-patrimoniale\/\" \/>\n<meta property=\"og:locale\" content=\"fr_FR\" \/>\n<meta property=\"og:type\" content=\"article\" \/>\n<meta property=\"og:title\" content=\"CCN Boulangerie Artisanale : garanties sant\u00e9, pr\u00e9voyance, retraite - Adh\u00e9rents\" \/>\n<meta property=\"og:description\" content=\"AG2R LA MONDIALE, groupe de protection sociale et patrimoniale et partenaire de la CNBPF, vous accompagne en mati\u00e8re de sant\u00e9, [&hellip;]\" \/>\n<meta property=\"og:url\" content=\"https:\/\/boulangerie.org\/adherents\/une-protection-sociale-et-patrimoniale\/\" \/>\n<meta property=\"og:site_name\" content=\"Adh\u00e9rents\" \/>\n<meta property=\"article:modified_time\" content=\"2023-11-14T09:19:33+00:00\" \/>\n<meta property=\"og:image\" content=\"https:\/\/boulangerie.org\/adherents\/wp-content\/uploads\/sites\/3\/2023\/07\/Logo-AG2R-LA-MONDIALE-1024x255.jpg\" \/>\n<meta name=\"twitter:card\" content=\"summary_large_image\" \/>\n<meta name=\"twitter:label1\" content=\"Dur\u00e9e de lecture estim\u00e9e\" \/>\n\t<meta name=\"twitter:data1\" content=\"1 minute\" \/>\n<script type=\"application\/ld+json\" class=\"yoast-schema-graph\">{\"@context\":\"https:\/\/schema.org\",\"@graph\":[{\"@type\":\"WebPage\",\"@id\":\"https:\/\/boulangerie.org\/adherents\/une-protection-sociale-et-patrimoniale\/\",\"url\":\"https:\/\/boulangerie.org\/adherents\/une-protection-sociale-et-patrimoniale\/\",\"name\":\"CCN Boulangerie Artisanale : garanties sant\u00e9, pr\u00e9voyance, retraite - Adh\u00e9rents\",\"isPartOf\":{\"@id\":\"https:\/\/boulangerie.org\/adherents\/#website\"},\"primaryImageOfPage\":{\"@id\":\"https:\/\/boulangerie.org\/adherents\/une-protection-sociale-et-patrimoniale\/#primaryimage\"},\"image\":{\"@id\":\"https:\/\/boulangerie.org\/adherents\/une-protection-sociale-et-patrimoniale\/#primaryimage\"},\"thumbnailUrl\":\"https:\/\/boulangerie.org\/adherents\/wp-content\/uploads\/sites\/3\/2023\/07\/Logo-AG2R-LA-MONDIALE-1024x255.jpg\",\"datePublished\":\"2023-07-07T07:57:23+00:00\",\"dateModified\":\"2023-11-14T09:19:33+00:00\",\"breadcrumb\":{\"@id\":\"https:\/\/boulangerie.org\/adherents\/une-protection-sociale-et-patrimoniale\/#breadcrumb\"},\"inLanguage\":\"fr-FR\",\"potentialAction\":[{\"@type\":\"ReadAction\",\"target\":[\"https:\/\/boulangerie.org\/adherents\/une-protection-sociale-et-patrimoniale\/\"]}]},{\"@type\":\"ImageObject\",\"inLanguage\":\"fr-FR\",\"@id\":\"https:\/\/boulangerie.org\/adherents\/une-protection-sociale-et-patrimoniale\/#primaryimage\",\"url\":\"https:\/\/boulangerie.org\/adherents\/wp-content\/uploads\/sites\/3\/2023\/07\/Logo-AG2R-LA-MONDIALE-scaled.jpg\",\"contentUrl\":\"https:\/\/boulangerie.org\/adherents\/wp-content\/uploads\/sites\/3\/2023\/07\/Logo-AG2R-LA-MONDIALE-scaled.jpg\",\"width\":2560,\"height\":638,\"caption\":\"Web\"},{\"@type\":\"BreadcrumbList\",\"@id\":\"https:\/\/boulangerie.org\/adherents\/une-protection-sociale-et-patrimoniale\/#breadcrumb\",\"itemListElement\":[{\"@type\":\"ListItem\",\"position\":1,\"name\":\"Accueil\",\"item\":\"https:\/\/boulangerie.org\/adherents\/\"},{\"@type\":\"ListItem\",\"position\":2,\"name\":\"CCN Boulangerie Artisanale : garanties sant\u00e9, pr\u00e9voyance, retraite\"}]},{\"@type\":\"WebSite\",\"@id\":\"https:\/\/boulangerie.org\/adherents\/#website\",\"url\":\"https:\/\/boulangerie.org\/adherents\/\",\"name\":\"Adh\u00e9rents\",\"description\":\"Un site utilisant Les sites de Conf\u00e9d\u00e9ration Nationale de la Boulangerie-P\u00e2tisserie Fran\u00e7aise\",\"potentialAction\":[{\"@type\":\"SearchAction\",\"target\":{\"@type\":\"EntryPoint\",\"urlTemplate\":\"https:\/\/boulangerie.org\/adherents\/?s={search_term_string}\"},\"query-input\":{\"@type\":\"PropertyValueSpecification\",\"valueRequired\":true,\"valueName\":\"search_term_string\"}}],\"inLanguage\":\"fr-FR\"}]}<\/script>\n<!-- \/ Yoast SEO plugin. -->","yoast_head_json":{"title":"CCN Boulangerie Artisanale : garanties sant\u00e9, pr\u00e9voyance, retraite - Adh\u00e9rents","robots":{"index":"index","follow":"follow","max-snippet":"max-snippet:-1","max-image-preview":"max-image-preview:large","max-video-preview":"max-video-preview:-1"},"canonical":"https:\/\/boulangerie.org\/adherents\/une-protection-sociale-et-patrimoniale\/","og_locale":"fr_FR","og_type":"article","og_title":"CCN Boulangerie Artisanale : garanties sant\u00e9, pr\u00e9voyance, retraite - Adh\u00e9rents","og_description":"AG2R LA MONDIALE, groupe de protection sociale et patrimoniale et partenaire de la CNBPF, vous accompagne en mati\u00e8re de sant\u00e9, [&hellip;]","og_url":"https:\/\/boulangerie.org\/adherents\/une-protection-sociale-et-patrimoniale\/","og_site_name":"Adh\u00e9rents","article_modified_time":"2023-11-14T09:19:33+00:00","og_image":[{"url":"https:\/\/boulangerie.org\/adherents\/wp-content\/uploads\/sites\/3\/2023\/07\/Logo-AG2R-LA-MONDIALE-1024x255.jpg","type":"","width":"","height":""}],"twitter_card":"summary_large_image","twitter_misc":{"Dur\u00e9e de lecture estim\u00e9e":"1 minute"},"schema":{"@context":"https:\/\/schema.org","@graph":[{"@type":"WebPage","@id":"https:\/\/boulangerie.org\/adherents\/une-protection-sociale-et-patrimoniale\/","url":"https:\/\/boulangerie.org\/adherents\/une-protection-sociale-et-patrimoniale\/","name":"CCN Boulangerie Artisanale : garanties sant\u00e9, pr\u00e9voyance, retraite - Adh\u00e9rents","isPartOf":{"@id":"https:\/\/boulangerie.org\/adherents\/#website"},"primaryImageOfPage":{"@id":"https:\/\/boulangerie.org\/adherents\/une-protection-sociale-et-patrimoniale\/#primaryimage"},"image":{"@id":"https:\/\/boulangerie.org\/adherents\/une-protection-sociale-et-patrimoniale\/#primaryimage"},"thumbnailUrl":"https:\/\/boulangerie.org\/adherents\/wp-content\/uploads\/sites\/3\/2023\/07\/Logo-AG2R-LA-MONDIALE-1024x255.jpg","datePublished":"2023-07-07T07:57:23+00:00","dateModified":"2023-11-14T09:19:33+00:00","breadcrumb":{"@id":"https:\/\/boulangerie.org\/adherents\/une-protection-sociale-et-patrimoniale\/#breadcrumb"},"inLanguage":"fr-FR","potentialAction":[{"@type":"ReadAction","target":["https:\/\/boulangerie.org\/adherents\/une-protection-sociale-et-patrimoniale\/"]}]},{"@type":"ImageObject","inLanguage":"fr-FR","@id":"https:\/\/boulangerie.org\/adherents\/une-protection-sociale-et-patrimoniale\/#primaryimage","url":"https:\/\/boulangerie.org\/adherents\/wp-content\/uploads\/sites\/3\/2023\/07\/Logo-AG2R-LA-MONDIALE-scaled.jpg","contentUrl":"https:\/\/boulangerie.org\/adherents\/wp-content\/uploads\/sites\/3\/2023\/07\/Logo-AG2R-LA-MONDIALE-scaled.jpg","width":2560,"height":638,"caption":"Web"},{"@type":"BreadcrumbList","@id":"https:\/\/boulangerie.org\/adherents\/une-protection-sociale-et-patrimoniale\/#breadcrumb","itemListElement":[{"@type":"ListItem","position":1,"name":"Accueil","item":"https:\/\/boulangerie.org\/adherents\/"},{"@type":"ListItem","position":2,"name":"CCN Boulangerie Artisanale : garanties sant\u00e9, pr\u00e9voyance, retraite"}]},{"@type":"WebSite","@id":"https:\/\/boulangerie.org\/adherents\/#website","url":"https:\/\/boulangerie.org\/adherents\/","name":"Adh\u00e9rents","description":"Un site utilisant Les sites de Conf\u00e9d\u00e9ration Nationale de la Boulangerie-P\u00e2tisserie Fran\u00e7aise","potentialAction":[{"@type":"SearchAction","target":{"@type":"EntryPoint","urlTemplate":"https:\/\/boulangerie.org\/adherents\/?s={search_term_string}"},"query-input":{"@type":"PropertyValueSpecification","valueRequired":true,"valueName":"search_term_string"}}],"inLanguage":"fr-FR"}]}},"_links":{"self":[{"href":"https:\/\/boulangerie.org\/adherents\/wp-json\/wp\/v2\/pages\/253","targetHints":{"allow":["GET"]}}],"collection":[{"href":"https:\/\/boulangerie.org\/adherents\/wp-json\/wp\/v2\/pages"}],"about":[{"href":"https:\/\/boulangerie.org\/adherents\/wp-json\/wp\/v2\/types\/page"}],"author":[{"embeddable":true,"href":"https:\/\/boulangerie.org\/adherents\/wp-json\/wp\/v2\/users\/1"}],"replies":[{"embeddable":true,"href":"https:\/\/boulangerie.org\/adherents\/wp-json\/wp\/v2\/comments?post=253"}],"version-history":[{"count":14,"href":"https:\/\/boulangerie.org\/adherents\/wp-json\/wp\/v2\/pages\/253\/revisions"}],"predecessor-version":[{"id":290,"href":"https:\/\/boulangerie.org\/adherents\/wp-json\/wp\/v2\/pages\/253\/revisions\/290"}],"wp:attachment":[{"href":"https:\/\/boulangerie.org\/adherents\/wp-json\/wp\/v2\/media?parent=253"}],"wp:term":[{"taxonomy":"category","embeddable":true,"href":"https:\/\/boulangerie.org\/adherents\/wp-json\/wp\/v2\/categories?post=253"},{"taxonomy":"post_tag","embeddable":true,"href":"https:\/\/boulangerie.org\/adherents\/wp-json\/wp\/v2\/tags?post=253"}],"curies":[{"name":"wp","href":"https:\/\/api.w.org\/{rel}","templated":true}]}}