{"id":4,"date":"2017-07-20T12:31:05","date_gmt":"2017-07-20T10:31:05","guid":{"rendered":"https:\/\/boulangerie.org\/membres\/accueil\/"},"modified":"2026-03-30T16:00:32","modified_gmt":"2026-03-30T14:00:32","slug":"accueil","status":"publish","type":"page","link":"https:\/\/boulangerie.org\/membres\/","title":{"rendered":"BIENVENUE DANS L\u2019ESPACE GROUPEMENTS"},"content":{"rendered":"\n<div class=\"wp-block-columns is-layout-flex wp-container-core-columns-is-layout-9d6595d7 wp-block-columns-is-layout-flex\">\n<div class=\"wp-block-column is-layout-flow wp-block-column-is-layout-flow\" style=\"flex-basis:100%\">\n<h2 class=\"wp-block-heading\">Documents utiles <\/h2>\n\n\n\n<ul class=\"wp-block-list\">\n<li><a href=\"http:\/\/www.boulangerie.org\/sites\/default\/files\/ckfinder\/userfiles\/files\/HD_cahier_des_charges_CNBF.pdf\" target=\"_blank\" rel=\"noopener noreferrer\"><strong>Document de pr\u00e9sentation<\/strong><\/a>&nbsp;du Cahier des charges Produits de la Boulangerie (HD)<\/li>\n\n\n\n<li><strong><a href=\"https:\/\/boulangerie.org\/membres\/wp-content\/uploads\/sites\/2\/2026\/03\/CdC-produits-de-boulangerie-Fevrier-2026.pdf\" type=\"link\" id=\"https:\/\/boulangerie.org\/membres\/wp-content\/uploads\/sites\/2\/2026\/03\/CdC-produits-de-boulangerie-Fevrier-2026.pdf\" target=\"_blank\" rel=\"noreferrer noopener\">Cahier des charges \u00ab produits de boulangerie \u00bb<\/a><\/strong><\/li>\n\n\n\n<li><strong><a href=\"http:\/\/www.boulangerie.org\/sites\/default\/files\/ckfinder\/userfiles\/files\/Cahier%20des%20charges%20farine.pdf\" target=\"_blank\" rel=\"noopener noreferrer\">Cahier des charges farine<\/a><\/strong><\/li>\n\n\n\n<li><strong><a href=\"http:\/\/www.boulangerie.org\/sites\/default\/files\/ckfinder\/userfiles\/files\/DEF_16_06_14%20%20Code%20des%20usages%20viennoiserie%20artisanale.pdf\" target=\"_blank\" rel=\"noopener noreferrer\">Code des Usages de la Viennoiserie artisanale<\/a><\/strong><\/li>\n\n\n\n<li><strong><a href=\"http:\/\/www.boulangerie.org\/sites\/default\/files\/ckfinder\/userfiles\/files\/Conclusions%20du%20groupe%20de%20r%C3%A9flexion%20mercatique.pdf\" target=\"_blank\" rel=\"noopener noreferrer\">Conclusions du Groupe de R\u00e9flexion Mercatique<\/a>&nbsp;<\/strong>&#8211; 18 juin 2012<\/li>\n\n\n\n<li><strong><a href=\"https:\/\/boulangerie.org\/membres\/wp-content\/uploads\/sites\/2\/2025\/10\/151130.-STATUTS-CNBF.pdf\" target=\"_blank\" rel=\"noreferrer noopener\">Statuts de la Conf\u00e9d\u00e9ration<\/a><\/strong><\/li>\n\n\n\n<li><strong><a href=\"http:\/\/www.boulangerie.org\/membres\/wp-content\/uploads\/sites\/3\/2018\/07\/FICHE-DE-LELU.pdf\" target=\"_blank\" rel=\"noopener noreferrer\">Fiche de l&rsquo;Elu(e)<\/a><\/strong><\/li>\n<\/ul>\n\n\n\n<div style=\"height:27px\" aria-hidden=\"true\" class=\"wp-block-spacer\"><\/div>\n\n\n\n<h4 class=\"wp-block-heading\"><strong>Guides et kits<\/strong><\/h4>\n\n\n\n<div style=\"height:12px\" aria-hidden=\"true\" class=\"wp-block-spacer\"><\/div>\n\n\n\n<ul class=\"wp-block-list\">\n<li><a href=\"https:\/\/boulangerie.org\/membres\/wp-content\/uploads\/sites\/2\/2026\/02\/Kit-Hygiene-2025.pdf\" type=\"link\" id=\"https:\/\/boulangerie.org\/membres\/wp-content\/uploads\/sites\/2\/2026\/02\/Kit-Hygiene-2025.pdf\" target=\"_blank\" rel=\"noreferrer noopener\"><strong>Kit Hygi\u00e8ne 2025<\/strong><\/a>\n<ul class=\"wp-block-list\">\n<li><strong><a href=\"https:\/\/boulangerie.org\/membres\/wp-content\/uploads\/sites\/2\/2024\/02\/Affiche-Hygiene-du-personnel-A4.pdf\" target=\"_blank\" rel=\"noreferrer noopener\">Affiche Hygi\u00e8ne du personnel A4<\/a><\/strong><\/li>\n\n\n\n<li><strong><a href=\"https:\/\/boulangerie.org\/membres\/wp-content\/uploads\/sites\/2\/2024\/02\/Affiche-Lavage-de-mains-A4.pdf\" target=\"_blank\" rel=\"noreferrer noopener\">Affiche Lavage de mains A4<\/a><\/strong><\/li>\n\n\n\n<li><strong><a href=\"https:\/\/boulangerie.org\/membres\/wp-content\/uploads\/sites\/2\/2024\/02\/Affiche-Vestiaire-A5.pdf\" target=\"_blank\" rel=\"noreferrer noopener\">Affiche Vestiaire A5<\/a><\/strong><\/li>\n\n\n\n<li><strong><a href=\"https:\/\/boulangerie.org\/membres\/wp-content\/uploads\/sites\/2\/2024\/02\/Affiche-Tracabilite-A4.pdf\" target=\"_blank\" rel=\"noreferrer noopener\">Affiche Tra\u00e7abilit\u00e9 A4<\/a><\/strong><\/li>\n\n\n\n<li><strong><a href=\"https:\/\/boulangerie.org\/membres\/wp-content\/uploads\/sites\/2\/2024\/02\/Affiche-NE-PAS-TOUCHER-x4.pdf\" target=\"_blank\" rel=\"noreferrer noopener\">Affiche NE PAS TOUCHER x4<\/a><\/strong><\/li>\n\n\n\n<li><strong><a href=\"https:\/\/boulangerie.org\/membres\/wp-content\/uploads\/sites\/2\/2024\/03\/Affiche-Panneau-des-temperatures_A4.pdf\" target=\"_blank\" rel=\"noreferrer noopener\">Affiche Panneau des temp\u00e9ratures A4<\/a><\/strong><\/li>\n\n\n\n<li><strong><a href=\"https:\/\/boulangerie.org\/membres\/wp-content\/uploads\/sites\/2\/2024\/02\/Affiche-Temperature-de-conservation-des-aliments-A4.pdf\" target=\"_blank\" rel=\"noreferrer noopener\">Affiche Temp\u00e9rature de conservation des aliments A4<\/a><\/strong><\/li>\n\n\n\n<li><strong><a href=\"https:\/\/boulangerie.org\/membres\/wp-content\/uploads\/sites\/2\/2024\/02\/Affiche-Prix-du-Pain-A3.pdf\" target=\"_blank\" rel=\"noreferrer noopener\">Affiche Prix du Pain A3<\/a><\/strong><\/li>\n\n\n\n<li><strong><a href=\"https:\/\/boulangerie.org\/membres\/wp-content\/uploads\/sites\/2\/2024\/02\/Affiche-Prix-du-Pain-A4.pdf\" target=\"_blank\" rel=\"noreferrer noopener\">Affiche Prix du Pain A4<\/a><\/strong><\/li>\n\n\n\n<li><strong><a href=\"https:\/\/boulangerie.org\/membres\/wp-content\/uploads\/sites\/2\/2024\/02\/Affiche-obligatoire-A3.pdf\" target=\"_blank\" rel=\"noreferrer noopener\">Affiche Affichage obligatoire A3<\/a><\/strong><\/li>\n\n\n\n<li><strong><a href=\"https:\/\/boulangerie.org\/membres\/wp-content\/uploads\/sites\/2\/2024\/02\/Affiche-Sante-dentition-A5.pdf\" target=\"_blank\" rel=\"noreferrer noopener\">Affiche Sant\u00e9 &#8211; dentition A5<\/a><\/strong><\/li>\n\n\n\n<li><strong><a href=\"https:\/\/boulangerie.org\/membres\/wp-content\/uploads\/sites\/2\/2024\/02\/Affiche-Sante-charge-lourde-A5.pdf\" target=\"_blank\" rel=\"noreferrer noopener\">Affiche Sant\u00e9 &#8211; charge lourde A5<\/a><\/strong><\/li>\n\n\n\n<li><strong><a href=\"https:\/\/boulangerie.org\/membres\/wp-content\/uploads\/sites\/2\/2024\/02\/Affiche-Sante-asthme-et-rhinite-A5.pdf\" target=\"_blank\" rel=\"noreferrer noopener\">Affiche Sant\u00e9 &#8211; asthme et rhinite A5<\/a><\/strong><\/li>\n\n\n\n<li><strong><a href=\"https:\/\/boulangerie.org\/membres\/wp-content\/uploads\/sites\/2\/2024\/02\/Affiche-Numeros-durgence-A4.pdf\" target=\"_blank\" rel=\"noreferrer noopener\">Affiche Num\u00e9ros d&rsquo;urgence A4<\/a><\/strong><\/li>\n<\/ul>\n<\/li>\n<\/ul>\n\n\n\n<ul class=\"wp-block-list\">\n<li><strong><a href=\"https:\/\/boulangerie.org\/membres\/wp-content\/uploads\/sites\/2\/2023\/02\/Guide-sobriete-Web-PaP.pdf\">Guide de sobri\u00e9t\u00e9 \u00e9nerg\u00e9tiqu<\/a><\/strong><a href=\"https:\/\/boulangerie.org\/membres\/wp-content\/uploads\/sites\/2\/2023\/02\/Guide-sobriete-Web-PaP.pdf\" target=\"_blank\" rel=\"noreferrer noopener\"><strong>e en boulangerie-p\u00e2tisserie<\/strong><\/a><\/li>\n\n\n\n<li><strong><a href=\"https:\/\/boulangerie.org\/membres\/wp-content\/uploads\/sites\/2\/2024\/03\/Livret-de-gestion-dune-BOULANGERIE-PATISSERIE-HD.pdf\" target=\"_blank\" rel=\"noreferrer noopener\">Guide d&rsquo;optimisation de gestion d&rsquo;une boulangerie-p\u00e2tisserie<\/a><\/strong><\/li>\n\n\n\n<li><strong><a href=\"http:\/\/www.boulangerie.org\/membres\/wp-content\/uploads\/sites\/3\/2017\/07\/Guide-de-lentreprise-en-boulangerie.pdf\" target=\"_blank\" rel=\"noopener noreferrer\">Guide de l&rsquo;entreprise en boulangerie<\/a><\/strong><\/li>\n\n\n\n<li><strong><a href=\"https:\/\/boulangerie.org\/membres\/wp-content\/uploads\/sites\/2\/2026\/03\/CNBPF_Guide-de-lEssentiel-des-bonnes-pratiques-dhygiene-en-boulangerie-patisserie_30.03.2026.pdf\" type=\"link\" id=\"https:\/\/boulangerie.org\/membres\/wp-content\/uploads\/sites\/2\/2026\/03\/CNBPF_Guide-de-lEssentiel-des-bonnes-pratiques-dhygiene-en-boulangerie-patisserie_30.03.2026.pdf\" target=\"_blank\" rel=\"noreferrer noopener\">Guide L&rsquo;Essentiel des bonnes pratiques d&rsquo;hygi\u00e8ne en boulangerie-p\u00e2tisserie<\/a><\/strong><\/li>\n<\/ul>\n\n\n\n<div style=\"height:27px\" aria-hidden=\"true\" class=\"wp-block-spacer\"><\/div>\n\n\n\n<p class=\"has-medium-font-size\"><strong>Bons de commande<\/strong><\/p>\n\n\n\n<div style=\"height:9px\" aria-hidden=\"true\" class=\"wp-block-spacer\"><\/div>\n\n\n\n<ul class=\"wp-block-list\">\n<li><strong><a href=\"https:\/\/boulangerie.org\/membres\/wp-content\/uploads\/sites\/2\/2023\/05\/Bon-de-commande-de-sacs-a-pains.docx\" target=\"_blank\" rel=\"noreferrer noopener\">Sacs \u00e0 pain \u00ab Boulanger c&rsquo;est un m\u00e9tier \u00bb<\/a><\/strong><\/li>\n\n\n\n<li><strong><a href=\"https:\/\/boulangerie.org\/membres\/wp-content\/uploads\/sites\/2\/2023\/05\/Bon-de-commande-pins.docx\" target=\"_blank\" rel=\"noreferrer noopener\">Pin&rsquo;s \u00ab Boulanger c&rsquo;est un m\u00e9tier \u00bb<\/a><\/strong><\/li>\n\n\n\n<li><strong><a href=\"https:\/\/boulangerie.org\/membres\/wp-content\/uploads\/sites\/2\/2023\/06\/Bon-de-commande-T-shirts.docx\" target=\"_blank\" rel=\"noreferrer noopener\">T-shirts \u00ab Boulanger c&rsquo;est un m\u00e9tier \u00bb<\/a><\/strong><\/li>\n\n\n\n<li><strong><a href=\"https:\/\/boulangerie.org\/membres\/wp-content\/uploads\/sites\/2\/2023\/05\/Bon-de-commande-tote-bags.docx\" target=\"_blank\" rel=\"noreferrer noopener\">Tote bags \u00ab Boulanger c&rsquo;est un m\u00e9tier \u00bb<\/a><\/strong><\/li>\n\n\n\n<li><a href=\"https:\/\/boulangerie.org\/membres\/wp-content\/uploads\/sites\/2\/2023\/05\/Bon-de-commande-stylos.docx\" target=\"_blank\" rel=\"noreferrer noopener\"><strong>Stylos \u00ab Boulanger c&rsquo;est un m\u00e9tier \u00bb<\/strong><\/a><\/li>\n\n\n\n<li><strong><a href=\"https:\/\/boulangerie.org\/membres\/wp-content\/uploads\/sites\/2\/2025\/07\/Bon-de-commande-CCN.pdf\" data-type=\"link\" data-id=\"https:\/\/boulangerie.org\/membres\/wp-content\/uploads\/sites\/2\/2025\/07\/Bon-de-commande-CCN.pdf\" target=\"_blank\" rel=\"noreferrer noopener\">Conventions collectives<\/a><\/strong><\/li>\n<\/ul>\n\n\n\n<div style=\"height:0px\" aria-hidden=\"true\" class=\"wp-block-spacer\"><\/div>\n\n\n\n<p class=\"has-medium-font-size\"><strong>Panneaux d&rsquo;affichage<\/strong><\/p>\n\n\n\n<div style=\"height:12px\" aria-hidden=\"true\" class=\"wp-block-spacer\"><\/div>\n\n\n\n<p><strong><a href=\"https:\/\/boulangerie.org\/membres\/wp-content\/uploads\/sites\/2\/2023\/10\/Panneau-affichages-obligatoires-au-01-10-2023.doc\" target=\"_blank\" rel=\"noreferrer noopener\">Document relatif \u00e0 l&rsquo;affichage obligatoire<\/a><\/strong><\/p>\n\n\n\n<ul class=\"wp-block-list\">\n<li>Les panneaux Pain de Tradition Fran\u00e7aise et Pain Maison\n<ul class=\"wp-block-list\">\n<li>version&nbsp;<a href=\"https:\/\/www.boulangerie.org\/sites\/default\/files\/ckfinder\/userfiles\/files\/flyer_boulangerie_148X210_HD(1).pdf\" target=\"_blank\" rel=\"noopener noreferrer\"><strong>imprimeur<\/strong><\/a><\/li>\n\n\n\n<li>version<strong>&nbsp;<a href=\"https:\/\/www.boulangerie.org\/sites\/default\/files\/ckfinder\/userfiles\/files\/flyer(1).pdf\" target=\"_blank\" rel=\"noopener noreferrer\">bureautique<\/a> <\/strong><\/li>\n<\/ul>\n<\/li>\n\n\n\n<li>Le panneau restaurateurs\n<ul class=\"wp-block-list\">\n<li>version<strong>&nbsp;<a href=\"https:\/\/www.boulangerie.org\/sites\/default\/files\/ckfinder\/userfiles\/files\/Panneau%20Boulanger%20Etablissement.pdf\" target=\"_blank\" rel=\"noopener noreferrer\">bureautique<\/a><\/strong><\/li>\n\n\n\n<li>version&nbsp;<a href=\"https:\/\/www.boulangerie.org\/sites\/default\/files\/ckfinder\/userfiles\/files\/Vitrophanie%20Pains%20Resto%20HD.pdf\" target=\"_blank\" rel=\"noopener noreferrer\"><strong>imprimeur&nbsp;<\/strong><\/a><\/li>\n\n\n\n<li>version&nbsp;<a download=\"\" href=\"https:\/\/www.boulangerie.org\/sites\/default\/files\/ckfinder\/userfiles\/files\/VITRO_BOULANGERIE-REPIQUABLE.docx\" target=\"_blank\" rel=\"noreferrer noopener\"><strong>repiquable<\/strong><\/a><\/li>\n\n\n\n<li>version&nbsp;<strong><a href=\"https:\/\/www.boulangerie.org\/sites\/default\/files\/ckfinder\/userfiles\/files\/Vitrophanie%20Pains%20Resto%20HD.jpg\" target=\"_blank\" rel=\"noopener noreferrer\">HD<\/a> <\/strong><\/li>\n<\/ul>\n<\/li>\n\n\n\n<li>La plaquette boulanger-p\u00e2tissier Vente : des m\u00e9tiers redevenus actuels\n<ul class=\"wp-block-list\">\n<li>version&nbsp;<a href=\"https:\/\/www.boulangerie.org\/membres\/wp-content\/uploads\/sites\/3\/2021\/04\/cnbpf-boulanger-patissier-metiers-actuels_04-2021_web.pdf\" target=\"_blank\" rel=\"noopener noreferrer\"><strong>bureautique<\/strong><\/a><\/li>\n\n\n\n<li>version&nbsp;<a href=\"https:\/\/www.boulangerie.org\/membres\/wp-content\/uploads\/sites\/3\/2021\/04\/cnbpf-boulanger-patissier-metiers-actuels_04-2021-PRINT.pdf\" target=\"_blank\" rel=\"noopener noreferrer\"><strong>imprimeur<\/strong><\/a> <\/li>\n<\/ul>\n<\/li>\n\n\n\n<li><a href=\"https:\/\/www.boulangerie.org\/membres\/wp-content\/uploads\/sites\/3\/2017\/12\/panneau-vapotage.pdf\" target=\"_blank\" rel=\"noopener noreferrer\"><strong>Panneau Interdiction de vapoter<\/strong><\/a><\/li>\n<\/ul>\n\n\n\n<div style=\"height:38px\" aria-hidden=\"true\" class=\"wp-block-spacer\"><\/div>\n\n\n\n<p class=\"has-medium-font-size\"><strong>Boulangerie Avantages<\/strong><\/p>\n\n\n\n<div style=\"height:23px\" aria-hidden=\"true\" class=\"wp-block-spacer\"><\/div>\n\n\n\n<p><strong><a href=\"https:\/\/boulangerie.org\/membres\/wp-content\/uploads\/sites\/2\/2025\/03\/Catalogue-2024-Confederation-des-Boulangers_Print-2.pdf\" target=\"_blank\" rel=\"noreferrer noopener\">Catalogue des avantages tarifaires 2024-2025<\/a><\/strong><\/p>\n\n\n\n<div style=\"height:23px\" aria-hidden=\"true\" class=\"wp-block-spacer\"><\/div>\n\n\n\n<p class=\"has-medium-font-size\"><strong>Cartes de v\u0153ux 2026<\/strong><\/p>\n\n\n\n<div style=\"height:16px\" aria-hidden=\"true\" class=\"wp-block-spacer\"><\/div>\n\n\n\n<p>Mod\u00e8le 1 &#8211; Pains<\/p>\n\n\n\n<ul class=\"wp-block-list\">\n<li><strong><a href=\"https:\/\/boulangerie.org\/membres\/wp-content\/uploads\/sites\/2\/2025\/12\/PDF-Interactif-a-modifier-2026_v1.pdf\" target=\"_blank\" rel=\"noreferrer noopener\">PDF interactif \u00e0 modifier<\/a><\/strong><\/li>\n\n\n\n<li><strong><a href=\"https:\/\/boulangerie.org\/membres\/wp-content\/uploads\/sites\/2\/2025\/12\/PDF-impression-voeux-2026_v1.pdf\" target=\"_blank\" rel=\"noreferrer noopener\">PDF impression <\/a><\/strong><\/li>\n\n\n\n<li><strong><a href=\"https:\/\/boulangerie.org\/membres\/wp-content\/uploads\/sites\/2\/2025\/12\/Word-voeux-2026_v1.docx\" target=\"_blank\" rel=\"noreferrer noopener\">Word<\/a><\/strong><\/li>\n\n\n\n<li><strong><a href=\"https:\/\/boulangerie.org\/membres\/wp-content\/uploads\/sites\/2\/2025\/12\/JPG_voeux-2026_v1.jpg\" target=\"_blank\" rel=\"noreferrer noopener\">JPG<\/a><\/strong><\/li>\n<\/ul>\n\n\n\n<p>Mod\u00e8le 2 &#8211; Timbre Croissant au Beurre<\/p>\n\n\n\n<ul class=\"wp-block-list\">\n<li><strong><a href=\"https:\/\/boulangerie.org\/membres\/wp-content\/uploads\/sites\/2\/2025\/12\/PDF-interactif-a-modifier-voeux-2026_v2.pdf\" target=\"_blank\" rel=\"noreferrer noopener\">PDF interactif \u00e0 modifier<\/a><\/strong><\/li>\n\n\n\n<li><strong><a href=\"https:\/\/boulangerie.org\/membres\/wp-content\/uploads\/sites\/2\/2025\/12\/V\u253couxGroupements2026_02.pdf\" target=\"_blank\" rel=\"noreferrer noopener\">PDF impression<\/a> <\/strong><\/li>\n\n\n\n<li><a href=\"https:\/\/boulangerie.org\/membres\/wp-content\/uploads\/sites\/2\/2025\/12\/Word-voeux-2026_v2.docx\" target=\"_blank\" rel=\"noreferrer noopener\"><strong>Word<\/strong><\/a><\/li>\n\n\n\n<li><strong><a href=\"https:\/\/boulangerie.org\/membres\/wp-content\/uploads\/sites\/2\/2025\/12\/JPG-voeux-2026_v2.jpg\" target=\"_blank\" rel=\"noreferrer noopener\">JPG<\/a><\/strong><\/li>\n<\/ul>\n\n\n\n<div style=\"height:22px\" aria-hidden=\"true\" class=\"wp-block-spacer\"><\/div>\n\n\n\n<hr class=\"wp-block-separator has-alpha-channel-opacity\"\/>\n<\/div>\n<\/div>\n\n\n\n<h4 class=\"wp-block-heading\">S\u00e9minaire collaborateurs d\u00e9cembre 2026<\/h4>\n\n\n\n<div style=\"height:20px\" aria-hidden=\"true\" class=\"wp-block-spacer\"><\/div>\n\n\n\n<p><a href=\"https:\/\/boulangerie.org\/membres\/wp-content\/uploads\/sites\/2\/2025\/12\/Presentation-semainaire-des-collaboratuers-1112-decembre-2025.pdf\" target=\"_blank\" rel=\"noreferrer noopener\">Programme s\u00e9minaire<\/a><\/p>\n\n\n\n<p><a href=\"https:\/\/boulangerie.org\/membres\/wp-content\/uploads\/sites\/2\/2025\/12\/DT-semainaire-des-collaboratuers-1112-decembre-2025.pdf\" target=\"_blank\" rel=\"noreferrer noopener\">Pr\u00e9sentation D\u00e9veloppement Territorial<\/a><\/p>\n\n\n\n<p><a href=\"https:\/\/boulangerie.org\/membres\/wp-content\/uploads\/sites\/2\/2025\/12\/JURIDIQUE-Seminaire_DECEMBRE_2025_Service-Juridique.pptx-Enregistrement-automatique.pdf\" target=\"_blank\" rel=\"noreferrer noopener\">Pr\u00e9sentation Juridique<\/a> <\/p>\n\n\n\n<p><a href=\"https:\/\/boulangerie.org\/membres\/wp-content\/uploads\/sites\/2\/2025\/12\/FORMATION-Seminaire-12-dec-2025-VF-2.pdf\" target=\"_blank\" rel=\"noreferrer noopener\">Pr\u00e9sentation Formation &amp; Concours<\/a><\/p>\n\n\n\n<p><a href=\"https:\/\/boulangerie.org\/membres\/wp-content\/uploads\/sites\/2\/2025\/12\/Presentation-communication-2025-seminaire-collaborateurs.pdf\" target=\"_blank\" rel=\"noreferrer noopener\">Pr\u00e9sentation Communication<\/a> <\/p>\n\n\n\n<p><a href=\"https:\/\/boulangerie.org\/membres\/wp-content\/uploads\/sites\/2\/2025\/12\/Calendrier-des-marronniers-2026.pdf\" target=\"_blank\" rel=\"noreferrer noopener\">Calendrier des marronniers 2026<\/a><\/p>\n\n\n\n<p><a href=\"https:\/\/boulangerie.org\/membres\/wp-content\/uploads\/sites\/2\/2025\/12\/Modeles-posts.docx\" target=\"_blank\" rel=\"noreferrer noopener\">Mod\u00e8les de posts<\/a> <\/p>\n\n\n\n<p><a href=\"https:\/\/boulangerie.org\/membres\/wp-content\/uploads\/sites\/2\/2025\/12\/Presentation-Agence-Divino.pdf\" target=\"_blank\" rel=\"noreferrer noopener\">Pr\u00e9sentation Agence Divino<\/a> <\/p>\n\n\n\n<p><a href=\"https:\/\/boulangerie.org\/membres\/wp-content\/uploads\/sites\/2\/2025\/12\/MAPA-presentation-boulangers-decembre-2025.pdf\">Pr\u00e9sentation MAPA<\/a><\/p>\n\n\n\n<p><a href=\"https:\/\/boulangerie.org\/membres\/wp-content\/uploads\/sites\/2\/2025\/12\/AG2R-Seminaire-groupements-Boulangerie-121225.pdf\" target=\"_blank\" rel=\"noreferrer noopener\">Pr\u00e9sentation AG2R<\/a> <\/p>\n","protected":false},"excerpt":{"rendered":"<p>Documents utiles Guides et kits Bons de commande Panneaux d&rsquo;affichage Document relatif \u00e0 l&rsquo;affichage obligatoire Boulangerie Avantages Catalogue des avantages [&hellip;]<\/p>\n","protected":false},"author":1,"featured_media":5,"parent":0,"menu_order":0,"comment_status":"open","ping_status":"open","template":"","meta":{"_acf_changed":false,"footnotes":""},"categories":[],"tags":[],"class_list":["post-4","page","type-page","status-publish","has-post-thumbnail","hentry"],"acf":[],"yoast_head":"<!-- This site is optimized with the Yoast SEO plugin v27.1.1 - https:\/\/yoast.com\/product\/yoast-seo-wordpress\/ -->\n<title>BIENVENUE DANS L\u2019ESPACE GROUPEMENTS - Groupements<\/title>\n<meta name=\"robots\" content=\"index, follow, max-snippet:-1, max-image-preview:large, max-video-preview:-1\" \/>\n<link rel=\"canonical\" href=\"https:\/\/boulangerie.org\/membres\/\" \/>\n<meta property=\"og:locale\" content=\"fr_FR\" \/>\n<meta property=\"og:type\" content=\"article\" \/>\n<meta property=\"og:title\" content=\"BIENVENUE DANS L\u2019ESPACE GROUPEMENTS - Groupements\" \/>\n<meta property=\"og:description\" content=\"Documents utiles Guides et kits Bons de commande Panneaux d&rsquo;affichage Document relatif \u00e0 l&rsquo;affichage obligatoire Boulangerie Avantages Catalogue des avantages [&hellip;]\" \/>\n<meta property=\"og:url\" content=\"https:\/\/boulangerie.org\/membres\/\" \/>\n<meta property=\"og:site_name\" content=\"Groupements\" \/>\n<meta property=\"article:modified_time\" content=\"2026-03-30T14:00:32+00:00\" \/>\n<meta property=\"og:image\" content=\"https:\/\/boulangerie.org\/membres\/wp-content\/uploads\/sites\/2\/2022\/06\/boulangerCoul.jpg\" \/>\n\t<meta property=\"og:image:width\" content=\"531\" \/>\n\t<meta property=\"og:image:height\" content=\"358\" \/>\n\t<meta property=\"og:image:type\" content=\"image\/jpeg\" \/>\n<meta name=\"twitter:card\" content=\"summary_large_image\" \/>\n<meta name=\"twitter:label1\" content=\"Dur\u00e9e de lecture estim\u00e9e\" \/>\n\t<meta name=\"twitter:data1\" content=\"2 minutes\" \/>\n<script type=\"application\/ld+json\" class=\"yoast-schema-graph\">{\"@context\":\"https:\/\/schema.org\",\"@graph\":[{\"@type\":\"WebPage\",\"@id\":\"https:\/\/boulangerie.org\/membres\/\",\"url\":\"https:\/\/boulangerie.org\/membres\/\",\"name\":\"BIENVENUE DANS L\u2019ESPACE GROUPEMENTS - Groupements\",\"isPartOf\":{\"@id\":\"https:\/\/boulangerie.org\/membres\/#website\"},\"primaryImageOfPage\":{\"@id\":\"https:\/\/boulangerie.org\/membres\/#primaryimage\"},\"image\":{\"@id\":\"https:\/\/boulangerie.org\/membres\/#primaryimage\"},\"thumbnailUrl\":\"https:\/\/boulangerie.org\/membres\/wp-content\/uploads\/sites\/2\/2022\/06\/boulangerCoul.jpg\",\"datePublished\":\"2017-07-20T10:31:05+00:00\",\"dateModified\":\"2026-03-30T14:00:32+00:00\",\"breadcrumb\":{\"@id\":\"https:\/\/boulangerie.org\/membres\/#breadcrumb\"},\"inLanguage\":\"fr-FR\",\"potentialAction\":[{\"@type\":\"ReadAction\",\"target\":[\"https:\/\/boulangerie.org\/membres\/\"]}]},{\"@type\":\"ImageObject\",\"inLanguage\":\"fr-FR\",\"@id\":\"https:\/\/boulangerie.org\/membres\/#primaryimage\",\"url\":\"https:\/\/boulangerie.org\/membres\/wp-content\/uploads\/sites\/2\/2022\/06\/boulangerCoul.jpg\",\"contentUrl\":\"https:\/\/boulangerie.org\/membres\/wp-content\/uploads\/sites\/2\/2022\/06\/boulangerCoul.jpg\",\"width\":531,\"height\":358},{\"@type\":\"BreadcrumbList\",\"@id\":\"https:\/\/boulangerie.org\/membres\/#breadcrumb\",\"itemListElement\":[{\"@type\":\"ListItem\",\"position\":1,\"name\":\"Accueil\",\"item\":\"https:\/\/boulangerie.org\/membres\/\"},{\"@type\":\"ListItem\",\"position\":2,\"name\":\"BIENVENUE DANS L\u2019ESPACE GROUPEMENTS\"}]},{\"@type\":\"WebSite\",\"@id\":\"https:\/\/boulangerie.org\/membres\/#website\",\"url\":\"https:\/\/boulangerie.org\/membres\/\",\"name\":\"Groupements\",\"description\":\"Un site utilisant Les sites de Conf\u00e9d\u00e9ration Nationale de la Boulangerie-P\u00e2tisserie Fran\u00e7aise\",\"potentialAction\":[{\"@type\":\"SearchAction\",\"target\":{\"@type\":\"EntryPoint\",\"urlTemplate\":\"https:\/\/boulangerie.org\/membres\/?s={search_term_string}\"},\"query-input\":{\"@type\":\"PropertyValueSpecification\",\"valueRequired\":true,\"valueName\":\"search_term_string\"}}],\"inLanguage\":\"fr-FR\"}]}<\/script>\n<!-- \/ Yoast SEO plugin. -->","yoast_head_json":{"title":"BIENVENUE DANS L\u2019ESPACE GROUPEMENTS - Groupements","robots":{"index":"index","follow":"follow","max-snippet":"max-snippet:-1","max-image-preview":"max-image-preview:large","max-video-preview":"max-video-preview:-1"},"canonical":"https:\/\/boulangerie.org\/membres\/","og_locale":"fr_FR","og_type":"article","og_title":"BIENVENUE DANS L\u2019ESPACE GROUPEMENTS - Groupements","og_description":"Documents utiles Guides et kits Bons de commande Panneaux d&rsquo;affichage Document relatif \u00e0 l&rsquo;affichage obligatoire Boulangerie Avantages Catalogue des avantages [&hellip;]","og_url":"https:\/\/boulangerie.org\/membres\/","og_site_name":"Groupements","article_modified_time":"2026-03-30T14:00:32+00:00","og_image":[{"width":531,"height":358,"url":"https:\/\/boulangerie.org\/membres\/wp-content\/uploads\/sites\/2\/2022\/06\/boulangerCoul.jpg","type":"image\/jpeg"}],"twitter_card":"summary_large_image","twitter_misc":{"Dur\u00e9e de lecture estim\u00e9e":"2 minutes"},"schema":{"@context":"https:\/\/schema.org","@graph":[{"@type":"WebPage","@id":"https:\/\/boulangerie.org\/membres\/","url":"https:\/\/boulangerie.org\/membres\/","name":"BIENVENUE DANS L\u2019ESPACE GROUPEMENTS - Groupements","isPartOf":{"@id":"https:\/\/boulangerie.org\/membres\/#website"},"primaryImageOfPage":{"@id":"https:\/\/boulangerie.org\/membres\/#primaryimage"},"image":{"@id":"https:\/\/boulangerie.org\/membres\/#primaryimage"},"thumbnailUrl":"https:\/\/boulangerie.org\/membres\/wp-content\/uploads\/sites\/2\/2022\/06\/boulangerCoul.jpg","datePublished":"2017-07-20T10:31:05+00:00","dateModified":"2026-03-30T14:00:32+00:00","breadcrumb":{"@id":"https:\/\/boulangerie.org\/membres\/#breadcrumb"},"inLanguage":"fr-FR","potentialAction":[{"@type":"ReadAction","target":["https:\/\/boulangerie.org\/membres\/"]}]},{"@type":"ImageObject","inLanguage":"fr-FR","@id":"https:\/\/boulangerie.org\/membres\/#primaryimage","url":"https:\/\/boulangerie.org\/membres\/wp-content\/uploads\/sites\/2\/2022\/06\/boulangerCoul.jpg","contentUrl":"https:\/\/boulangerie.org\/membres\/wp-content\/uploads\/sites\/2\/2022\/06\/boulangerCoul.jpg","width":531,"height":358},{"@type":"BreadcrumbList","@id":"https:\/\/boulangerie.org\/membres\/#breadcrumb","itemListElement":[{"@type":"ListItem","position":1,"name":"Accueil","item":"https:\/\/boulangerie.org\/membres\/"},{"@type":"ListItem","position":2,"name":"BIENVENUE DANS L\u2019ESPACE GROUPEMENTS"}]},{"@type":"WebSite","@id":"https:\/\/boulangerie.org\/membres\/#website","url":"https:\/\/boulangerie.org\/membres\/","name":"Groupements","description":"Un site utilisant Les sites de Conf\u00e9d\u00e9ration Nationale de la Boulangerie-P\u00e2tisserie Fran\u00e7aise","potentialAction":[{"@type":"SearchAction","target":{"@type":"EntryPoint","urlTemplate":"https:\/\/boulangerie.org\/membres\/?s={search_term_string}"},"query-input":{"@type":"PropertyValueSpecification","valueRequired":true,"valueName":"search_term_string"}}],"inLanguage":"fr-FR"}]}},"_links":{"self":[{"href":"https:\/\/boulangerie.org\/membres\/wp-json\/wp\/v2\/pages\/4","targetHints":{"allow":["GET"]}}],"collection":[{"href":"https:\/\/boulangerie.org\/membres\/wp-json\/wp\/v2\/pages"}],"about":[{"href":"https:\/\/boulangerie.org\/membres\/wp-json\/wp\/v2\/types\/page"}],"author":[{"embeddable":true,"href":"https:\/\/boulangerie.org\/membres\/wp-json\/wp\/v2\/users\/1"}],"replies":[{"embeddable":true,"href":"https:\/\/boulangerie.org\/membres\/wp-json\/wp\/v2\/comments?post=4"}],"version-history":[{"count":189,"href":"https:\/\/boulangerie.org\/membres\/wp-json\/wp\/v2\/pages\/4\/revisions"}],"predecessor-version":[{"id":22321,"href":"https:\/\/boulangerie.org\/membres\/wp-json\/wp\/v2\/pages\/4\/revisions\/22321"}],"wp:featuredmedia":[{"embeddable":true,"href":"https:\/\/boulangerie.org\/membres\/wp-json\/wp\/v2\/media\/5"}],"wp:attachment":[{"href":"https:\/\/boulangerie.org\/membres\/wp-json\/wp\/v2\/media?parent=4"}],"wp:term":[{"taxonomy":"category","embeddable":true,"href":"https:\/\/boulangerie.org\/membres\/wp-json\/wp\/v2\/categories?post=4"},{"taxonomy":"post_tag","embeddable":true,"href":"https:\/\/boulangerie.org\/membres\/wp-json\/wp\/v2\/tags?post=4"}],"curies":[{"name":"wp","href":"https:\/\/api.w.org\/{rel}","templated":true}]}}